{"id":6353,"date":"2021-02-19T12:45:41","date_gmt":"2021-02-19T12:45:41","guid":{"rendered":"https:\/\/london-lover.com\/produit\/camiseta-tower-bridge-para-hombre\/"},"modified":"2021-02-19T12:45:41","modified_gmt":"2021-02-19T12:45:41","slug":"camiseta-hombre-torre-puente-2","status":"publish","type":"product","link":"https:\/\/london-lover.com\/es\/produit\/camiseta-hombre-torre-puente-2\/","title":{"rendered":"Camiseta Tower Bridge para hombre"},"content":{"rendered":"","protected":false},"excerpt":{"rendered":"<p>Luce con orgullo los colores de Londres con esta camiseta <strong>100% algod\u00f3n org\u00e1nico<\/strong> con certificaci\u00f3n GOTS. Colecci\u00f3n Tower Bridge disponible en varios colores. Corte normal.<\/p>\n","protected":false},"featured_media":3750,"template":"","meta":{"inline_featured_image":false},"product_brand":[],"product_cat":[248,139],"product_tag":[],"class_list":{"0":"post-6353","1":"product","2":"type-product","3":"status-publish","4":"has-post-thumbnail","6":"product_cat-camisetas-para-hombre-2","7":"product_cat-hombre","9":"first","10":"instock","11":"taxable","12":"shipping-taxable","13":"purchasable","14":"product-type-variable"},"yoast_head":"<!-- This site is optimized with the Yoast SEO plugin v26.1.1 - https:\/\/yoast.com\/wordpress\/plugins\/seo\/ -->\n<title>Camiseta Tower Bridge para hombre - London Lover<\/title>\n<meta name=\"description\" content=\"Luce con orgullo los colores de Londres con esta camiseta 100% algod\u00f3n org\u00e1nico con certificaci\u00f3n GOTS. Colecci\u00f3n Tower Bridge disponible en varios colores.\" \/>\n<meta name=\"robots\" content=\"index, follow, max-snippet:-1, max-image-preview:large, max-video-preview:-1\" \/>\n<link rel=\"canonical\" href=\"https:\/\/london-lover.com\/es\/produit\/camiseta-hombre-torre-puente-2\/\" \/>\n<meta property=\"og:locale\" content=\"es_ES\" \/>\n<meta property=\"og:type\" content=\"article\" \/>\n<meta property=\"og:title\" content=\"Camiseta Tower Bridge para hombre - London Lover\" \/>\n<meta property=\"og:description\" content=\"Luce con orgullo los colores de Londres con esta camiseta 100% algod\u00f3n org\u00e1nico con certificaci\u00f3n GOTS. Colecci\u00f3n Tower Bridge disponible en varios colores.\" \/>\n<meta property=\"og:url\" content=\"https:\/\/london-lover.com\/es\/produit\/camiseta-hombre-torre-puente-2\/\" \/>\n<meta property=\"og:site_name\" content=\"London Lover\" \/>\n<meta property=\"og:image\" content=\"http:\/\/london-lover.com\/wp-content\/uploads\/2021\/02\/T-shirt-homme-gris-tower-bridge.jpg\" \/>\n\t<meta property=\"og:image:width\" content=\"700\" \/>\n\t<meta property=\"og:image:height\" content=\"875\" \/>\n\t<meta property=\"og:image:type\" content=\"image\/jpeg\" \/>\n<meta name=\"twitter:card\" content=\"summary_large_image\" \/>\n<script type=\"application\/ld+json\" class=\"yoast-schema-graph\">{\"@context\":\"https:\/\/schema.org\",\"@graph\":[{\"@type\":\"WebPage\",\"@id\":\"https:\/\/london-lover.com\/es\/produit\/camiseta-hombre-torre-puente-2\/\",\"url\":\"https:\/\/london-lover.com\/es\/produit\/camiseta-hombre-torre-puente-2\/\",\"name\":\"Camiseta Tower Bridge para hombre - London Lover\",\"isPartOf\":{\"@id\":\"https:\/\/london-lover.com\/es\/#website\"},\"primaryImageOfPage\":{\"@id\":\"https:\/\/london-lover.com\/es\/produit\/camiseta-hombre-torre-puente-2\/#primaryimage\"},\"image\":{\"@id\":\"https:\/\/london-lover.com\/es\/produit\/camiseta-hombre-torre-puente-2\/#primaryimage\"},\"thumbnailUrl\":\"https:\/\/london-lover.com\/wp-content\/uploads\/2021\/02\/T-shirt-homme-gris-tower-bridge.jpg\",\"datePublished\":\"2021-02-19T12:45:41+00:00\",\"description\":\"Luce con orgullo los colores de Londres con esta camiseta 100% algod\u00f3n org\u00e1nico con certificaci\u00f3n GOTS. Colecci\u00f3n Tower Bridge disponible en varios colores.\",\"breadcrumb\":{\"@id\":\"https:\/\/london-lover.com\/es\/produit\/camiseta-hombre-torre-puente-2\/#breadcrumb\"},\"inLanguage\":\"es\",\"potentialAction\":[{\"@type\":\"ReadAction\",\"target\":[\"https:\/\/london-lover.com\/es\/produit\/camiseta-hombre-torre-puente-2\/\"]}]},{\"@type\":\"ImageObject\",\"inLanguage\":\"es\",\"@id\":\"https:\/\/london-lover.com\/es\/produit\/camiseta-hombre-torre-puente-2\/#primaryimage\",\"url\":\"https:\/\/london-lover.com\/wp-content\/uploads\/2021\/02\/T-shirt-homme-gris-tower-bridge.jpg\",\"contentUrl\":\"https:\/\/london-lover.com\/wp-content\/uploads\/2021\/02\/T-shirt-homme-gris-tower-bridge.jpg\",\"width\":700,\"height\":875,\"caption\":\"Camiseta-hombre-gris-puente-torre\"},{\"@type\":\"BreadcrumbList\",\"@id\":\"https:\/\/london-lover.com\/es\/produit\/camiseta-hombre-torre-puente-2\/#breadcrumb\",\"itemListElement\":[{\"@type\":\"ListItem\",\"position\":1,\"name\":\"Accueil\",\"item\":\"https:\/\/london-lover.com\/es\/\"},{\"@type\":\"ListItem\",\"position\":2,\"name\":\"Tienda\",\"item\":\"https:\/\/london-lover.com\/es\/tienda\/\"},{\"@type\":\"ListItem\",\"position\":3,\"name\":\"Camiseta Tower Bridge para hombre\"}]},{\"@type\":\"WebSite\",\"@id\":\"https:\/\/london-lover.com\/es\/#website\",\"url\":\"https:\/\/london-lover.com\/es\/\",\"name\":\"London Lover\",\"description\":\"V\u00eatements et accessoires pour les amoureux de Londres\",\"potentialAction\":[{\"@type\":\"SearchAction\",\"target\":{\"@type\":\"EntryPoint\",\"urlTemplate\":\"https:\/\/london-lover.com\/es\/?s={search_term_string}\"},\"query-input\":{\"@type\":\"PropertyValueSpecification\",\"valueRequired\":true,\"valueName\":\"search_term_string\"}}],\"inLanguage\":\"es\"}]}<\/script>\n<!-- \/ Yoast SEO plugin. -->","yoast_head_json":{"title":"Camiseta Tower Bridge para hombre - London Lover","description":"Luce con orgullo los colores de Londres con esta camiseta 100% algod\u00f3n org\u00e1nico con certificaci\u00f3n GOTS. Colecci\u00f3n Tower Bridge disponible en varios colores.","robots":{"index":"index","follow":"follow","max-snippet":"max-snippet:-1","max-image-preview":"max-image-preview:large","max-video-preview":"max-video-preview:-1"},"canonical":"https:\/\/london-lover.com\/es\/produit\/camiseta-hombre-torre-puente-2\/","og_locale":"es_ES","og_type":"article","og_title":"Camiseta Tower Bridge para hombre - London Lover","og_description":"Luce con orgullo los colores de Londres con esta camiseta 100% algod\u00f3n org\u00e1nico con certificaci\u00f3n GOTS. Colecci\u00f3n Tower Bridge disponible en varios colores.","og_url":"https:\/\/london-lover.com\/es\/produit\/camiseta-hombre-torre-puente-2\/","og_site_name":"London Lover","og_image":[{"width":700,"height":875,"url":"http:\/\/london-lover.com\/wp-content\/uploads\/2021\/02\/T-shirt-homme-gris-tower-bridge.jpg","type":"image\/jpeg"}],"twitter_card":"summary_large_image","schema":{"@context":"https:\/\/schema.org","@graph":[{"@type":"WebPage","@id":"https:\/\/london-lover.com\/es\/produit\/camiseta-hombre-torre-puente-2\/","url":"https:\/\/london-lover.com\/es\/produit\/camiseta-hombre-torre-puente-2\/","name":"Camiseta Tower Bridge para hombre - London Lover","isPartOf":{"@id":"https:\/\/london-lover.com\/es\/#website"},"primaryImageOfPage":{"@id":"https:\/\/london-lover.com\/es\/produit\/camiseta-hombre-torre-puente-2\/#primaryimage"},"image":{"@id":"https:\/\/london-lover.com\/es\/produit\/camiseta-hombre-torre-puente-2\/#primaryimage"},"thumbnailUrl":"https:\/\/london-lover.com\/wp-content\/uploads\/2021\/02\/T-shirt-homme-gris-tower-bridge.jpg","datePublished":"2021-02-19T12:45:41+00:00","description":"Luce con orgullo los colores de Londres con esta camiseta 100% algod\u00f3n org\u00e1nico con certificaci\u00f3n GOTS. Colecci\u00f3n Tower Bridge disponible en varios colores.","breadcrumb":{"@id":"https:\/\/london-lover.com\/es\/produit\/camiseta-hombre-torre-puente-2\/#breadcrumb"},"inLanguage":"es","potentialAction":[{"@type":"ReadAction","target":["https:\/\/london-lover.com\/es\/produit\/camiseta-hombre-torre-puente-2\/"]}]},{"@type":"ImageObject","inLanguage":"es","@id":"https:\/\/london-lover.com\/es\/produit\/camiseta-hombre-torre-puente-2\/#primaryimage","url":"https:\/\/london-lover.com\/wp-content\/uploads\/2021\/02\/T-shirt-homme-gris-tower-bridge.jpg","contentUrl":"https:\/\/london-lover.com\/wp-content\/uploads\/2021\/02\/T-shirt-homme-gris-tower-bridge.jpg","width":700,"height":875,"caption":"Camiseta-hombre-gris-puente-torre"},{"@type":"BreadcrumbList","@id":"https:\/\/london-lover.com\/es\/produit\/camiseta-hombre-torre-puente-2\/#breadcrumb","itemListElement":[{"@type":"ListItem","position":1,"name":"Accueil","item":"https:\/\/london-lover.com\/es\/"},{"@type":"ListItem","position":2,"name":"Tienda","item":"https:\/\/london-lover.com\/es\/tienda\/"},{"@type":"ListItem","position":3,"name":"Camiseta Tower Bridge para hombre"}]},{"@type":"WebSite","@id":"https:\/\/london-lover.com\/es\/#website","url":"https:\/\/london-lover.com\/es\/","name":"London Lover","description":"V\u00eatements et accessoires pour les amoureux de Londres","potentialAction":[{"@type":"SearchAction","target":{"@type":"EntryPoint","urlTemplate":"https:\/\/london-lover.com\/es\/?s={search_term_string}"},"query-input":{"@type":"PropertyValueSpecification","valueRequired":true,"valueName":"search_term_string"}}],"inLanguage":"es"}]}},"_links":{"self":[{"href":"https:\/\/london-lover.com\/es\/wp-json\/wp\/v2\/product\/6353","targetHints":{"allow":["GET"]}}],"collection":[{"href":"https:\/\/london-lover.com\/es\/wp-json\/wp\/v2\/product"}],"about":[{"href":"https:\/\/london-lover.com\/es\/wp-json\/wp\/v2\/types\/product"}],"wp:featuredmedia":[{"embeddable":true,"href":"https:\/\/london-lover.com\/es\/wp-json\/wp\/v2\/media\/3750"}],"wp:attachment":[{"href":"https:\/\/london-lover.com\/es\/wp-json\/wp\/v2\/media?parent=6353"}],"wp:term":[{"taxonomy":"product_brand","embeddable":true,"href":"https:\/\/london-lover.com\/es\/wp-json\/wp\/v2\/product_brand?post=6353"},{"taxonomy":"product_cat","embeddable":true,"href":"https:\/\/london-lover.com\/es\/wp-json\/wp\/v2\/product_cat?post=6353"},{"taxonomy":"product_tag","embeddable":true,"href":"https:\/\/london-lover.com\/es\/wp-json\/wp\/v2\/product_tag?post=6353"}],"curies":[{"name":"wp","href":"https:\/\/api.w.org\/{rel}","templated":true}]}}